{"id":117,"date":"2020-02-18T09:52:08","date_gmt":"2020-02-18T07:52:08","guid":{"rendered":"http:\/\/www.liedonsiivoset.fi\/?page_id=117"},"modified":"2022-04-04T10:04:52","modified_gmt":"2022-04-04T07:04:52","slug":"kotisiivous","status":"publish","type":"page","link":"https:\/\/www.liedonsiivoset.fi\/?page_id=117","title":{"rendered":"KOTISIIVOUS"},"content":{"rendered":"\n<p class=\"has-medium-font-size\">Kotisiivous yksil\u00f6id\u00e4\u00e4n jokaisen perheen ja kodin tarpeita mukaillen. S\u00e4\u00e4nn\u00f6llisen kotisiivouksen tarkoitus on yll\u00e4pit\u00e4\u00e4 kodin perussiisteytt\u00e4 ja n\u00e4in ollen helpottaa arkea huomattavasti. <\/p>\n\n\n\n<p class=\"has-medium-font-size\"><\/p>\n\n\n\n<p class=\"has-medium-font-size\">Tarjoamme monipuolista kotisiivousta Liedossa sek\u00e4 l\u00e4hialueilla. Perinteisen perussiivouksen lis\u00e4ksi hoidamme my\u00f6s ikkunanpesut ja muuttosiivoukset. <\/p>\n\n\n\n<p class=\"has-medium-font-size\">Meilt\u00e4 saat aina tutun siistij\u00e4n paikalle, mukanaan kaikki siivoukseen tarvittavat aineet- ja v\u00e4lineet!<\/p>\n\n\n\n<figure class=\"wp-block-image size-large is-resized\"><img loading=\"lazy\" decoding=\"async\" src=\"https:\/\/www.liedonsiivoset.fi\/wp-content\/uploads\/2022\/03\/pexels-karolina-grabowska-4239114-1024x683.jpg\" alt=\"\" class=\"wp-image-294\" width=\"647\" height=\"431\" srcset=\"https:\/\/www.liedonsiivoset.fi\/wp-content\/uploads\/2022\/03\/pexels-karolina-grabowska-4239114-1024x683.jpg 1024w, https:\/\/www.liedonsiivoset.fi\/wp-content\/uploads\/2022\/03\/pexels-karolina-grabowska-4239114-300x200.jpg 300w, https:\/\/www.liedonsiivoset.fi\/wp-content\/uploads\/2022\/03\/pexels-karolina-grabowska-4239114-768x512.jpg 768w, https:\/\/www.liedonsiivoset.fi\/wp-content\/uploads\/2022\/03\/pexels-karolina-grabowska-4239114-1536x1024.jpg 1536w, https:\/\/www.liedonsiivoset.fi\/wp-content\/uploads\/2022\/03\/pexels-karolina-grabowska-4239114-2048x1365.jpg 2048w, https:\/\/www.liedonsiivoset.fi\/wp-content\/uploads\/2022\/03\/pexels-karolina-grabowska-4239114-750x500.jpg 750w, https:\/\/www.liedonsiivoset.fi\/wp-content\/uploads\/2022\/03\/pexels-karolina-grabowska-4239114-174x116.jpg 174w\" sizes=\"auto, (max-width: 647px) 100vw, 647px\" \/><\/figure>\n\n\n\n<p class=\"has-medium-font-size\"><\/p>\n\n\n\n<p class=\"has-medium-font-size\"><br><\/p>\n","protected":false},"excerpt":{"rendered":"<p>Kotisiivous yksil\u00f6id\u00e4\u00e4n jokaisen perheen ja kodin tarpeita mukaillen. S\u00e4\u00e4nn\u00f6llisen kotisiivouksen tarkoitus on yll\u00e4pit\u00e4\u00e4 kodin perussiisteytt\u00e4 ja n\u00e4in ollen helpottaa arkea huomattavasti. Tarjoamme monipuolista kotisiivousta Liedossa sek\u00e4 l\u00e4hialueilla. Perinteisen perussiivouksen lis\u00e4ksi hoidamme my\u00f6s ikkunanpesut ja muuttosiivoukset. Meilt\u00e4 saat aina tutun siistij\u00e4n paikalle, mukanaan kaikki siivoukseen tarvittavat aineet- ja v\u00e4lineet!<\/p>\n","protected":false},"author":1,"featured_media":0,"parent":0,"menu_order":0,"comment_status":"closed","ping_status":"closed","template":"","meta":{"footnotes":""},"class_list":["post-117","page","type-page","status-publish","hentry"],"_links":{"self":[{"href":"https:\/\/www.liedonsiivoset.fi\/index.php?rest_route=\/wp\/v2\/pages\/117","targetHints":{"allow":["GET"]}}],"collection":[{"href":"https:\/\/www.liedonsiivoset.fi\/index.php?rest_route=\/wp\/v2\/pages"}],"about":[{"href":"https:\/\/www.liedonsiivoset.fi\/index.php?rest_route=\/wp\/v2\/types\/page"}],"author":[{"embeddable":true,"href":"https:\/\/www.liedonsiivoset.fi\/index.php?rest_route=\/wp\/v2\/users\/1"}],"replies":[{"embeddable":true,"href":"https:\/\/www.liedonsiivoset.fi\/index.php?rest_route=%2Fwp%2Fv2%2Fcomments&post=117"}],"version-history":[{"count":13,"href":"https:\/\/www.liedonsiivoset.fi\/index.php?rest_route=\/wp\/v2\/pages\/117\/revisions"}],"predecessor-version":[{"id":314,"href":"https:\/\/www.liedonsiivoset.fi\/index.php?rest_route=\/wp\/v2\/pages\/117\/revisions\/314"}],"wp:attachment":[{"href":"https:\/\/www.liedonsiivoset.fi\/index.php?rest_route=%2Fwp%2Fv2%2Fmedia&parent=117"}],"curies":[{"name":"wp","href":"https:\/\/api.w.org\/{rel}","templated":true}]}}