{"id":118,"date":"2020-02-18T09:49:15","date_gmt":"2020-02-18T07:49:15","guid":{"rendered":"http:\/\/www.liedonsiivoset.fi\/?page_id=118"},"modified":"2022-04-04T10:18:22","modified_gmt":"2022-04-04T07:18:22","slug":"yrityssiivous","status":"publish","type":"page","link":"https:\/\/www.liedonsiivoset.fi\/?page_id=118","title":{"rendered":"YRITYSSIIVOUS"},"content":{"rendered":"\n<p class=\"has-medium-font-size\">Yrityssiivous on usein yll\u00e4pitosiivousta, mutta hoidamme asiakkaan toiveesta my\u00f6s ikkunanpesut sek\u00e4 vahaukset. Siivous r\u00e4\u00e4t\u00e4l\u00f6id\u00e4\u00e4n aina kunkin kohteen mukaan.<\/p>\n\n\n\n<figure class=\"wp-block-image size-large is-style-default\"><img loading=\"lazy\" decoding=\"async\" width=\"1024\" height=\"705\" src=\"https:\/\/www.liedonsiivoset.fi\/wp-content\/uploads\/2022\/03\/pexels-atbo-245219-1024x705.jpg\" alt=\"\" class=\"wp-image-302\" srcset=\"https:\/\/www.liedonsiivoset.fi\/wp-content\/uploads\/2022\/03\/pexels-atbo-245219-1024x705.jpg 1024w, https:\/\/www.liedonsiivoset.fi\/wp-content\/uploads\/2022\/03\/pexels-atbo-245219-300x207.jpg 300w, https:\/\/www.liedonsiivoset.fi\/wp-content\/uploads\/2022\/03\/pexels-atbo-245219-768x529.jpg 768w, https:\/\/www.liedonsiivoset.fi\/wp-content\/uploads\/2022\/03\/pexels-atbo-245219-1536x1058.jpg 1536w, https:\/\/www.liedonsiivoset.fi\/wp-content\/uploads\/2022\/03\/pexels-atbo-245219-2048x1410.jpg 2048w, https:\/\/www.liedonsiivoset.fi\/wp-content\/uploads\/2022\/03\/pexels-atbo-245219-168x116.jpg 168w\" sizes=\"auto, (max-width: 1024px) 100vw, 1024px\" \/><\/figure>\n","protected":false},"excerpt":{"rendered":"<p>Yrityssiivous on usein yll\u00e4pitosiivousta, mutta hoidamme asiakkaan toiveesta my\u00f6s ikkunanpesut sek\u00e4 vahaukset. Siivous r\u00e4\u00e4t\u00e4l\u00f6id\u00e4\u00e4n aina kunkin kohteen mukaan.<\/p>\n","protected":false},"author":1,"featured_media":0,"parent":0,"menu_order":0,"comment_status":"closed","ping_status":"closed","template":"","meta":{"footnotes":""},"class_list":["post-118","page","type-page","status-publish","hentry"],"_links":{"self":[{"href":"https:\/\/www.liedonsiivoset.fi\/index.php?rest_route=\/wp\/v2\/pages\/118","targetHints":{"allow":["GET"]}}],"collection":[{"href":"https:\/\/www.liedonsiivoset.fi\/index.php?rest_route=\/wp\/v2\/pages"}],"about":[{"href":"https:\/\/www.liedonsiivoset.fi\/index.php?rest_route=\/wp\/v2\/types\/page"}],"author":[{"embeddable":true,"href":"https:\/\/www.liedonsiivoset.fi\/index.php?rest_route=\/wp\/v2\/users\/1"}],"replies":[{"embeddable":true,"href":"https:\/\/www.liedonsiivoset.fi\/index.php?rest_route=%2Fwp%2Fv2%2Fcomments&post=118"}],"version-history":[{"count":9,"href":"https:\/\/www.liedonsiivoset.fi\/index.php?rest_route=\/wp\/v2\/pages\/118\/revisions"}],"predecessor-version":[{"id":317,"href":"https:\/\/www.liedonsiivoset.fi\/index.php?rest_route=\/wp\/v2\/pages\/118\/revisions\/317"}],"wp:attachment":[{"href":"https:\/\/www.liedonsiivoset.fi\/index.php?rest_route=%2Fwp%2Fv2%2Fmedia&parent=118"}],"curies":[{"name":"wp","href":"https:\/\/api.w.org\/{rel}","templated":true}]}}