{"id":171,"date":"2020-03-03T10:54:54","date_gmt":"2020-03-03T08:54:54","guid":{"rendered":"http:\/\/www.liedonsiivoset.fi\/?page_id=171"},"modified":"2022-04-12T18:10:32","modified_gmt":"2022-04-12T15:10:32","slug":"30-vuotta-siivousta","status":"publish","type":"page","link":"https:\/\/www.liedonsiivoset.fi\/","title":{"rendered":"Alan ammattilainen jo vuodesta 1990."},"content":{"rendered":"\n<p class=\"has-medium-font-size\">Olemme lietolainen yrityssiivouksiin erikoistunut yritys, jossa palvelee pitk\u00e4aikainen ja ammattitaitoinen henkil\u00f6st\u00f6. <\/p>\n\n\n\n<p class=\"has-medium-font-size\">Tarjoamme my\u00f6s kotisiivousta tarpeidesi mukaan.<\/p>\n\n\n\n<p><\/p>\n\n\n\n<figure class=\"wp-block-image size-large\"><img loading=\"lazy\" decoding=\"async\" width=\"1024\" height=\"683\" src=\"https:\/\/www.liedonsiivoset.fi\/wp-content\/uploads\/2022\/03\/pexels-karolina-grabowska-4239031-1-1024x683.jpg\" alt=\"\" class=\"wp-image-292\" srcset=\"https:\/\/www.liedonsiivoset.fi\/wp-content\/uploads\/2022\/03\/pexels-karolina-grabowska-4239031-1-1024x683.jpg 1024w, https:\/\/www.liedonsiivoset.fi\/wp-content\/uploads\/2022\/03\/pexels-karolina-grabowska-4239031-1-300x200.jpg 300w, https:\/\/www.liedonsiivoset.fi\/wp-content\/uploads\/2022\/03\/pexels-karolina-grabowska-4239031-1-768x512.jpg 768w, https:\/\/www.liedonsiivoset.fi\/wp-content\/uploads\/2022\/03\/pexels-karolina-grabowska-4239031-1-1536x1024.jpg 1536w, https:\/\/www.liedonsiivoset.fi\/wp-content\/uploads\/2022\/03\/pexels-karolina-grabowska-4239031-1-2048x1365.jpg 2048w, https:\/\/www.liedonsiivoset.fi\/wp-content\/uploads\/2022\/03\/pexels-karolina-grabowska-4239031-1-750x500.jpg 750w, https:\/\/www.liedonsiivoset.fi\/wp-content\/uploads\/2022\/03\/pexels-karolina-grabowska-4239031-1-174x116.jpg 174w\" sizes=\"auto, (max-width: 1024px) 100vw, 1024px\" \/><\/figure>\n\n\n\n<p><\/p>\n\n\n\n<p class=\"has-huge-font-size\"><strong>Ota yhteytt\u00e4<\/strong>,<\/p>\n\n\n\n<p><\/p>\n\n\n\n<p><\/p>\n\n\n\n<p style=\"font-size:25px\"><strong>info@liedonsiivoset.fi<\/strong><\/p>\n\n\n\n<p style=\"font-size:25px\"><strong>0400 784 461 <\/strong><\/p>\n","protected":false},"excerpt":{"rendered":"<p>Olemme lietolainen yrityssiivouksiin erikoistunut yritys, jossa palvelee pitk\u00e4aikainen ja ammattitaitoinen henkil\u00f6st\u00f6. Tarjoamme my\u00f6s kotisiivousta tarpeidesi mukaan. Ota yhteytt\u00e4, info@liedonsiivoset.fi 0400 784 461<\/p>\n","protected":false},"author":1,"featured_media":292,"parent":0,"menu_order":0,"comment_status":"closed","ping_status":"closed","template":"","meta":{"footnotes":""},"class_list":["post-171","page","type-page","status-publish","has-post-thumbnail","hentry"],"_links":{"self":[{"href":"https:\/\/www.liedonsiivoset.fi\/index.php?rest_route=\/wp\/v2\/pages\/171","targetHints":{"allow":["GET"]}}],"collection":[{"href":"https:\/\/www.liedonsiivoset.fi\/index.php?rest_route=\/wp\/v2\/pages"}],"about":[{"href":"https:\/\/www.liedonsiivoset.fi\/index.php?rest_route=\/wp\/v2\/types\/page"}],"author":[{"embeddable":true,"href":"https:\/\/www.liedonsiivoset.fi\/index.php?rest_route=\/wp\/v2\/users\/1"}],"replies":[{"embeddable":true,"href":"https:\/\/www.liedonsiivoset.fi\/index.php?rest_route=%2Fwp%2Fv2%2Fcomments&post=171"}],"version-history":[{"count":11,"href":"https:\/\/www.liedonsiivoset.fi\/index.php?rest_route=\/wp\/v2\/pages\/171\/revisions"}],"predecessor-version":[{"id":320,"href":"https:\/\/www.liedonsiivoset.fi\/index.php?rest_route=\/wp\/v2\/pages\/171\/revisions\/320"}],"wp:featuredmedia":[{"embeddable":true,"href":"https:\/\/www.liedonsiivoset.fi\/index.php?rest_route=\/wp\/v2\/media\/292"}],"wp:attachment":[{"href":"https:\/\/www.liedonsiivoset.fi\/index.php?rest_route=%2Fwp%2Fv2%2Fmedia&parent=171"}],"curies":[{"name":"wp","href":"https:\/\/api.w.org\/{rel}","templated":true}]}}