{"id":225,"date":"2020-07-30T13:57:15","date_gmt":"2020-07-30T10:57:15","guid":{"rendered":"http:\/\/www.liedonsiivoset.fi\/?page_id=225"},"modified":"2022-04-03T19:08:37","modified_gmt":"2022-04-03T16:08:37","slug":"muuttosiivous-2","status":"publish","type":"page","link":"https:\/\/www.liedonsiivoset.fi\/?page_id=225","title":{"rendered":"MUUTTOSIIVOUS"},"content":{"rendered":"\n<p class=\"has-medium-font-size\">Ammattilaisen tekem\u00e4n muuttosiivouksen j\u00e4lkeen koti on valmis toivottamaan uudet asukkaansa tervetulleiksi.\u00a0Siivous r\u00e4\u00e4t\u00e4l\u00f6id\u00e4\u00e4n aina kohteen tarpeiden mukaan ja mahdolliset erityistoiveet k\u00e4yd\u00e4\u00e4n huolellisesti l\u00e4pi.<\/p>\n\n\n\n<figure class=\"wp-block-image size-large is-resized\"><img loading=\"lazy\" decoding=\"async\" src=\"https:\/\/www.liedonsiivoset.fi\/wp-content\/uploads\/2022\/04\/pexels-nadine-wuchenauer-1563650-1024x683.jpg\" alt=\"\" class=\"wp-image-307\" width=\"838\" height=\"558\" srcset=\"https:\/\/www.liedonsiivoset.fi\/wp-content\/uploads\/2022\/04\/pexels-nadine-wuchenauer-1563650-1024x683.jpg 1024w, https:\/\/www.liedonsiivoset.fi\/wp-content\/uploads\/2022\/04\/pexels-nadine-wuchenauer-1563650-300x200.jpg 300w, https:\/\/www.liedonsiivoset.fi\/wp-content\/uploads\/2022\/04\/pexels-nadine-wuchenauer-1563650-768x512.jpg 768w, https:\/\/www.liedonsiivoset.fi\/wp-content\/uploads\/2022\/04\/pexels-nadine-wuchenauer-1563650-1536x1024.jpg 1536w, https:\/\/www.liedonsiivoset.fi\/wp-content\/uploads\/2022\/04\/pexels-nadine-wuchenauer-1563650-2048x1365.jpg 2048w, https:\/\/www.liedonsiivoset.fi\/wp-content\/uploads\/2022\/04\/pexels-nadine-wuchenauer-1563650-750x500.jpg 750w, https:\/\/www.liedonsiivoset.fi\/wp-content\/uploads\/2022\/04\/pexels-nadine-wuchenauer-1563650-174x116.jpg 174w\" sizes=\"auto, (max-width: 838px) 100vw, 838px\" \/><\/figure>\n\n\n\n<p><strong>Muuttosiivouksen sis\u00e4lt\u00f6:<\/strong><\/p>\n\n\n\n<p><strong>P\u00f6lyt ja tahrat:<\/strong><\/p>\n\n\n\n<ul class=\"wp-block-list\"><li>Tasopinnat <\/li><li>Ovet ja ovien karmit<\/li><li>Peilit ja lasipinnat<\/li><li>Patterit ja tuulettimet<\/li><li>Kosketuspinnat<\/li><li>Ovien kahvat ja valokatkaisijat<\/li><li>Vaatekaapit ja -huoneet (sis\u00e4- ja ulkopuolelta)<\/li><li>Ikkunat: vain asunnon sis\u00e4puolelta (kokonaisvaltainen ikkunanpesu sovittavissa erikseen)<\/li><\/ul>\n\n\n\n<p><strong>Lattiat:<\/strong><\/p>\n\n\n\n<ul class=\"wp-block-list\"><li>Lattioiden ja listojen imurointi<\/li><li>Lattioiden pesu<\/li><\/ul>\n\n\n\n<p><strong>Keitti\u00f6<\/strong>:<\/p>\n\n\n\n<ul class=\"wp-block-list\"><li>Lavuaarit ja hanat<\/li><li>Tasopinnat<\/li><li>Laattasein\u00e4t<\/li><li>Liesituuletin ( ei suodatinta)<\/li><li>Kaikki kaapit ja ovet (sis\u00e4- ja ulkopuolelta, my\u00f6s roskakorit)<\/li><li>Uunin ja j\u00e4\u00e4kaapin ulkopinnat (uunin ja j\u00e4\u00e4kaapin t\u00e4yspuhdistus sovittava erikseen)<\/li><\/ul>\n\n\n\n<p><strong>Kylpyhuone:<\/strong><\/p>\n\n\n\n<ul class=\"wp-block-list\"><li>Peilit ja lasipinnat<\/li><li>Hanat ja lavuaarit<\/li><li>Suihku ja kylpyamme<\/li><li>Laattasein\u00e4t ja n\u00e4kyv\u00e4t putket<\/li><li>Vessanp\u00f6ntt\u00f6<\/li><li>Kaapit (sis\u00e4- ja ulkopuoli)<\/li><li>Lattian puhdistus<\/li><li>(Saunan pesu sovittaessa)<\/li><\/ul>\n","protected":false},"excerpt":{"rendered":"<p>Ammattilaisen tekem\u00e4n muuttosiivouksen j\u00e4lkeen koti on valmis toivottamaan uudet asukkaansa tervetulleiksi.\u00a0Siivous r\u00e4\u00e4t\u00e4l\u00f6id\u00e4\u00e4n aina kohteen tarpeiden mukaan ja mahdolliset erityistoiveet k\u00e4yd\u00e4\u00e4n huolellisesti l\u00e4pi. Muuttosiivouksen sis\u00e4lt\u00f6: P\u00f6lyt ja tahrat: Tasopinnat Ovet ja ovien karmit Peilit ja lasipinnat Patterit ja tuulettimet Kosketuspinnat Ovien kahvat ja valokatkaisijat Vaatekaapit ja -huoneet (sis\u00e4- ja ulkopuolelta) Ikkunat: vain asunnon sis\u00e4puolelta (kokonaisvaltainen ikkunanpesu [&hellip;]<\/p>\n","protected":false},"author":1,"featured_media":0,"parent":0,"menu_order":0,"comment_status":"closed","ping_status":"closed","template":"","meta":{"footnotes":""},"class_list":["post-225","page","type-page","status-publish","hentry"],"_links":{"self":[{"href":"https:\/\/www.liedonsiivoset.fi\/index.php?rest_route=\/wp\/v2\/pages\/225","targetHints":{"allow":["GET"]}}],"collection":[{"href":"https:\/\/www.liedonsiivoset.fi\/index.php?rest_route=\/wp\/v2\/pages"}],"about":[{"href":"https:\/\/www.liedonsiivoset.fi\/index.php?rest_route=\/wp\/v2\/types\/page"}],"author":[{"embeddable":true,"href":"https:\/\/www.liedonsiivoset.fi\/index.php?rest_route=\/wp\/v2\/users\/1"}],"replies":[{"embeddable":true,"href":"https:\/\/www.liedonsiivoset.fi\/index.php?rest_route=%2Fwp%2Fv2%2Fcomments&post=225"}],"version-history":[{"count":6,"href":"https:\/\/www.liedonsiivoset.fi\/index.php?rest_route=\/wp\/v2\/pages\/225\/revisions"}],"predecessor-version":[{"id":306,"href":"https:\/\/www.liedonsiivoset.fi\/index.php?rest_route=\/wp\/v2\/pages\/225\/revisions\/306"}],"wp:attachment":[{"href":"https:\/\/www.liedonsiivoset.fi\/index.php?rest_route=%2Fwp%2Fv2%2Fmedia&parent=225"}],"curies":[{"name":"wp","href":"https:\/\/api.w.org\/{rel}","templated":true}]}}